{"id":132,"date":"2019-03-19T10:46:41","date_gmt":"2019-03-19T08:46:41","guid":{"rendered":"http:\/\/www.emiliamensalo.fi\/?page_id=132"},"modified":"2024-05-08T20:27:02","modified_gmt":"2024-05-08T17:27:02","slug":"kirjat","status":"publish","type":"page","link":"http:\/\/www.emiliamensalo.fi\/","title":{"rendered":"Kirjat"},"content":{"rendered":"\n\n\t\t\t\t<a href=\"http:\/\/www.emiliamensalo.fi\/?attachment_id=21\" target=\"_self\" itemprop=\"url\" rel=\"noopener\">\n\t\t\t\t<img loading=\"lazy\" decoding=\"async\" src=\"http:\/\/www.emiliamensalo.fi\/wp-content\/uploads\/kirjasuurikuva.jpg\" alt=\"Kukkavauvakirjan kansikuva\" itemprop=\"image\" height=\"1195\" width=\"1417\" title=\"Kukkavauvat kansikuva\" onerror=\"this.style.display='none'\"  \/>\n\t\t\t\t<\/a>\n\t<p><strong>Kukkavauvat<\/strong><\/p>\n<p>Et\u00e4\u00e4ll\u00e4 ihmisist\u00e4 asuu ihastuttavien kukkavauvojen yhteis\u00f6. Kukkavauvoja on kaksitoista, joista jokaisella on oma luonteensa ja erityispiirteens\u00e4. Esimerkiksi Esikon lempiruoka on maissi ja lempiel\u00e4in ampiainen. Luonteeltaan h\u00e4n on puhelias ja omap\u00e4inen. Kukkavauvoille sattuu hauskoja pikku seikkailuja ja kommelluksia. Kukkavauvojen maailma on iloinen ja turvallinen paikka, ja vaikka aurinko ei aina paistakaan, siell\u00e4 on hyv\u00e4 olla.<\/p>\nTekij\u00e4n kuvittama. Kustantaja: <em>Aurinko Kustannus<\/em>.<br \/>\nISBN 9789522303158 \/ Kansi Iiris Kallunki \/ LK L85.1 \/ sid. \/ 40 sivua \/ 250 X 240 \/ Ik\u00e4suositus 3+ \/ Hinta: 22,90 \u20ac.\n<p>Kirja saatavissa kustantajalta, verkkokirjakaupoista sek\u00e4 hyvin varustetuista kirjakaupoista ymp\u00e4ri maata.<\/p>\n<p>Kustantajan kotisivu <a href=\"http:\/\/www.aurinkokustannus.fi\" target=\"_blank\" rel=\"noreferrer noopener\">www.aurinkokustannus.fi<\/a><\/p>\n\n","protected":false},"excerpt":{"rendered":"<p>Kukkavauvat Et\u00e4\u00e4ll\u00e4 ihmisist\u00e4 asuu ihastuttavien kukkavauvojen yhteis\u00f6. Kukkavauvoja on kaksitoista, joista jokaisella on oma luonteensa ja erityispiirteens\u00e4. Esimerkiksi Esikon lempiruoka on maissi ja lempiel\u00e4in ampiainen. Luonteeltaan h\u00e4n on puhelias ja omap\u00e4inen. Kukkavauvoille sattuu hauskoja pikku seikkailuja ja kommelluksia. Kukkavauvojen maailma on iloinen ja turvallinen paikka, ja vaikka aurinko ei aina paistakaan, siell\u00e4 on hyv\u00e4 olla. [&hellip;]<\/p>\n","protected":false},"author":1,"featured_media":0,"parent":0,"menu_order":0,"comment_status":"closed","ping_status":"closed","template":"","meta":{"footnotes":""},"_links":{"self":[{"href":"http:\/\/www.emiliamensalo.fi\/index.php?rest_route=\/wp\/v2\/pages\/132"}],"collection":[{"href":"http:\/\/www.emiliamensalo.fi\/index.php?rest_route=\/wp\/v2\/pages"}],"about":[{"href":"http:\/\/www.emiliamensalo.fi\/index.php?rest_route=\/wp\/v2\/types\/page"}],"author":[{"embeddable":true,"href":"http:\/\/www.emiliamensalo.fi\/index.php?rest_route=\/wp\/v2\/users\/1"}],"replies":[{"embeddable":true,"href":"http:\/\/www.emiliamensalo.fi\/index.php?rest_route=%2Fwp%2Fv2%2Fcomments&post=132"}],"version-history":[{"count":7,"href":"http:\/\/www.emiliamensalo.fi\/index.php?rest_route=\/wp\/v2\/pages\/132\/revisions"}],"predecessor-version":[{"id":381,"href":"http:\/\/www.emiliamensalo.fi\/index.php?rest_route=\/wp\/v2\/pages\/132\/revisions\/381"}],"wp:attachment":[{"href":"http:\/\/www.emiliamensalo.fi\/index.php?rest_route=%2Fwp%2Fv2%2Fmedia&parent=132"}],"curies":[{"name":"wp","href":"https:\/\/api.w.org\/{rel}","templated":true}]}}