{"id":8,"date":"2014-04-30T02:59:58","date_gmt":"2014-04-29T23:59:58","guid":{"rendered":"http:\/\/www.emiliamensalo.fi\/?page_id=8"},"modified":"2024-05-08T20:22:02","modified_gmt":"2024-05-08T17:22:02","slug":"3-sivu","status":"publish","type":"page","link":"http:\/\/www.emiliamensalo.fi\/?page_id=8","title":{"rendered":"Emilia Mensalo"},"content":{"rendered":"\n\n\t\t\t\t<a href=\"http:\/\/www.emiliamensalo.fi\/?attachment_id=266\" target=\"_self\" itemprop=\"url\" rel=\"noopener\">\n\t\t\t\t<img loading=\"lazy\" decoding=\"async\" src=\"http:\/\/www.emiliamensalo.fi\/wp-content\/uploads\/Normaali-758x1024.jpg\" alt=\"Emilia Mensalo\" itemprop=\"image\" height=\"1024\" width=\"758\" title=\"Kuva\" onerror=\"this.style.display='none'\"  \/>\n\t\t\t\t<\/a>\n\t<p><b>Emilia Mensalo<\/b> on kaksi kirjaa julkaissut kirjoittaja ja kuvittaja. H\u00e4nen esikoiskirjansa <i><strong>Seikkailu merell\u00e4<\/strong> <\/i>julkaistiin marraskuussa 2007 h\u00e4nen ollessaan 10-vuotias. Toinen kirja <strong><i>Kukkavauvat <\/i><\/strong>ilmestyi toukokuussa 2014.<\/p>\n<p>Emilia Mensalo valmistui graafiseksi suunnittelijaksi Lahden Muotoiluinstituutista 2021.<\/p>\n\n\n","protected":false},"excerpt":{"rendered":"<p>Emilia Mensalo on kaksi kirjaa julkaissut kirjoittaja ja kuvittaja. H\u00e4nen esikoiskirjansa Seikkailu merell\u00e4 julkaistiin marraskuussa 2007 h\u00e4nen ollessaan 10-vuotias. Toinen kirja Kukkavauvat ilmestyi toukokuussa 2014. Emilia Mensalo valmistui graafiseksi suunnittelijaksi Lahden Muotoiluinstituutista 2021.<\/p>\n","protected":false},"author":1,"featured_media":0,"parent":0,"menu_order":0,"comment_status":"closed","ping_status":"closed","template":"","meta":{"footnotes":""},"_links":{"self":[{"href":"http:\/\/www.emiliamensalo.fi\/index.php?rest_route=\/wp\/v2\/pages\/8"}],"collection":[{"href":"http:\/\/www.emiliamensalo.fi\/index.php?rest_route=\/wp\/v2\/pages"}],"about":[{"href":"http:\/\/www.emiliamensalo.fi\/index.php?rest_route=\/wp\/v2\/types\/page"}],"author":[{"embeddable":true,"href":"http:\/\/www.emiliamensalo.fi\/index.php?rest_route=\/wp\/v2\/users\/1"}],"replies":[{"embeddable":true,"href":"http:\/\/www.emiliamensalo.fi\/index.php?rest_route=%2Fwp%2Fv2%2Fcomments&post=8"}],"version-history":[{"count":18,"href":"http:\/\/www.emiliamensalo.fi\/index.php?rest_route=\/wp\/v2\/pages\/8\/revisions"}],"predecessor-version":[{"id":380,"href":"http:\/\/www.emiliamensalo.fi\/index.php?rest_route=\/wp\/v2\/pages\/8\/revisions\/380"}],"wp:attachment":[{"href":"http:\/\/www.emiliamensalo.fi\/index.php?rest_route=%2Fwp%2Fv2%2Fmedia&parent=8"}],"curies":[{"name":"wp","href":"https:\/\/api.w.org\/{rel}","templated":true}]}}